{"id":181,"date":"2024-01-19T09:50:50","date_gmt":"2024-01-19T09:50:50","guid":{"rendered":"https:\/\/web4.rkinformatika.net\/tiareskinbeauty\/?page_id=181"},"modified":"2025-11-13T11:45:47","modified_gmt":"2025-11-13T11:45:47","slug":"holisticos","status":"publish","type":"page","link":"https:\/\/tiareskinbeauty.es\/eus\/holisticos\/","title":{"rendered":"Holisticos"},"content":{"rendered":"<style>.elementor-181 .elementor-element.elementor-element-e21c054{--display:flex;--flex-direction:column;--container-widget-width:100%;--container-widget-height:initial;--container-widget-flex-grow:0;--container-widget-align-self:initial;--flex-wrap-mobile:wrap;--margin-top:0px;--margin-bottom:0px;--margin-left:0px;--margin-right:0px;--padding-top:60px;--padding-bottom:040px;--padding-left:60px;--padding-right:0px;}.elementor-181 .elementor-element.elementor-element-96daafa .elementor-heading-title{font-family:\"Times New Roman\", Sans-serif;font-size:50px;}.elementor-181 .elementor-element.elementor-element-f918ed1{text-align:start;font-family:\"Times New Roman\", Sans-serif;font-size:15px;color:#000000;}.elementor-181 .elementor-element.elementor-element-f918ed1 > .elementor-widget-container{margin:0px 0px 0px 0px;padding:0px 0px 0px 0px;}.elementor-181 .elementor-element.elementor-element-2453c02{--display:flex;--flex-direction:row;--container-widget-width:initial;--container-widget-height:100%;--container-widget-flex-grow:1;--container-widget-align-self:stretch;--flex-wrap-mobile:wrap;--gap:0px 0px;--row-gap:0px;--column-gap:0px;--flex-wrap:wrap;}.elementor-181 .elementor-element.elementor-element-2e6cf13{--display:flex;--flex-direction:column;--container-widget-width:100%;--container-widget-height:initial;--container-widget-flex-grow:0;--container-widget-align-self:initial;--flex-wrap-mobile:wrap;}.elementor-181 .elementor-element.elementor-element-51c7304{text-align:center;}.elementor-181 .elementor-element.elementor-element-51c7304 .elementor-heading-title{font-family:\"Times New Roman\", Sans-serif;font-size:18px;}.elementor-181 .elementor-element.elementor-element-26ec6a0{column-gap:1px;text-align:justify;font-family:\"Times New Roman\", Sans-serif;font-size:15px;color:#000000;}.elementor-181 .elementor-element.elementor-element-26ec6a0 > .elementor-widget-container{margin:0px 0px 0px 0px;padding:0px 44px 0px 44px;}@media(min-width:768px){.elementor-181 .elementor-element.elementor-element-2e6cf13{--width:50%;}}@media(max-width:1024px){.elementor-181 .elementor-element.elementor-element-f918ed1{font-size:15px;}.elementor-181 .elementor-element.elementor-element-f918ed1 > .elementor-widget-container{padding:0px 0px 0px 0px;}.elementor-181 .elementor-element.elementor-element-51c7304 .elementor-heading-title{font-size:20px;}.elementor-181 .elementor-element.elementor-element-26ec6a0{font-size:15px;}.elementor-181 .elementor-element.elementor-element-26ec6a0 > .elementor-widget-container{margin:0px 0px 0px 0px;padding:0px 0px 0px 0px;}}@media(max-width:767px){.elementor-181 .elementor-element.elementor-element-e21c054{--padding-top:30px;--padding-bottom:0px;--padding-left:10px;--padding-right:10px;}.elementor-181 .elementor-element.elementor-element-96daafa{text-align:center;}.elementor-181 .elementor-element.elementor-element-96daafa .elementor-heading-title{font-size:30px;}.elementor-181 .elementor-element.elementor-element-f918ed1{font-size:15px;}.elementor-181 .elementor-element.elementor-element-2453c02{--margin-top:0px;--margin-bottom:0px;--margin-left:0px;--margin-right:0px;--padding-top:20px;--padding-bottom:0px;--padding-left:0px;--padding-right:0px;}.elementor-181 .elementor-element.elementor-element-26ec6a0{font-size:15px;}.elementor-181 .elementor-element.elementor-element-26ec6a0 > .elementor-widget-container{margin:0px 0px 0px 0px;padding:0px 0px 0px 0px;}}<\/style>\t\t<div data-elementor-type=\"wp-page\" data-elementor-id=\"181\" class=\"elementor elementor-181\" data-elementor-post-type=\"page\">\n\t\t\t\t<div class=\"elementor-element elementor-element-e21c054 e-flex e-con-boxed e-con e-parent\" data-id=\"e21c054\" data-element_type=\"container\" data-e-type=\"container\">\n\t\t\t\t\t<div class=\"e-con-inner\">\n\t\t\t\t<div class=\"elementor-element elementor-element-96daafa elementor-widget elementor-widget-heading\" data-id=\"96daafa\" data-element_type=\"widget\" data-e-type=\"widget\" data-widget_type=\"heading.default\">\n\t\t\t\t<div class=\"elementor-widget-container\">\n\t\t\t\t\t<h2 class=\"elementor-heading-title elementor-size-default\">RITUALES HOLISTICOS<\/h2>\t\t\t\t<\/div>\n\t\t\t\t<\/div>\n\t\t\t\t<div class=\"elementor-element elementor-element-f918ed1 elementor-widget elementor-widget-text-editor\" data-id=\"f918ed1\" data-element_type=\"widget\" data-e-type=\"widget\" data-widget_type=\"text-editor.default\">\n\t\t\t\t<div class=\"elementor-widget-container\">\n\t\t\t\t\t\t\t\t\t<h4 class=\"font_3 wixui-rich-text__text\"><span class=\"wixui-rich-text__text\"><span class=\"color_15 wixui-rich-text__text\">T\u00e9cnicas de masajes que tratan el cuerpo como un todo. Equilibrio a nivel f\u00edsico, emocional y mental.<br class=\"wixui-rich-text__text\" \/><strong>Mejoran el sistema nervioso, alivian dolencias, liberan canales energ\u00e9ticos y relajan cuerpo, mente y alma.<\/strong><\/span><\/span><\/h4>\t\t\t\t\t\t\t\t<\/div>\n\t\t\t\t<\/div>\n\t\t\t\t\t<\/div>\n\t\t\t\t<\/div>\n\t\t<div class=\"elementor-element elementor-element-2453c02 e-flex e-con-boxed e-con e-parent\" data-id=\"2453c02\" data-element_type=\"container\" data-e-type=\"container\">\n\t\t\t\t\t<div class=\"e-con-inner\">\n\t\t<div class=\"elementor-element elementor-element-2e6cf13 e-con-full e-flex e-con e-child\" data-id=\"2e6cf13\" data-element_type=\"container\" data-e-type=\"container\">\n\t\t\t\t<div class=\"elementor-element elementor-element-5b60eea elementor-widget elementor-widget-image\" data-id=\"5b60eea\" data-element_type=\"widget\" data-e-type=\"widget\" data-widget_type=\"image.default\">\n\t\t\t\t<div class=\"elementor-widget-container\">\n\t\t\t\t\t\t\t\t\t\t\t\t\t\t\t<img fetchpriority=\"high\" decoding=\"async\" width=\"466\" height=\"466\" src=\"https:\/\/tiareskinbeauty.es\/wp-content\/uploads\/2024\/03\/Captura-desde-2024-03-22-17-10-17.png\" class=\"attachment-large size-large wp-image-2921\" alt=\"\" srcset=\"https:\/\/tiareskinbeauty.es\/wp-content\/uploads\/2024\/03\/Captura-desde-2024-03-22-17-10-17.png 466w, https:\/\/tiareskinbeauty.es\/wp-content\/uploads\/2024\/03\/Captura-desde-2024-03-22-17-10-17-300x300.png 300w, https:\/\/tiareskinbeauty.es\/wp-content\/uploads\/2024\/03\/Captura-desde-2024-03-22-17-10-17-150x150.png 150w, https:\/\/tiareskinbeauty.es\/wp-content\/uploads\/2024\/03\/Captura-desde-2024-03-22-17-10-17-12x12.png 12w\" sizes=\"(max-width: 466px) 100vw, 466px\" \/>\t\t\t\t\t\t\t\t\t\t\t\t\t\t\t<\/div>\n\t\t\t\t<\/div>\n\t\t\t\t<div class=\"elementor-element elementor-element-51c7304 elementor-widget elementor-widget-heading\" data-id=\"51c7304\" data-element_type=\"widget\" data-e-type=\"widget\" data-widget_type=\"heading.default\">\n\t\t\t\t<div class=\"elementor-widget-container\">\n\t\t\t\t\t<h2 class=\"elementor-heading-title elementor-size-default\">KAHUNA Lomi Lomi   Masaje Hawaiano<br>----<br>110,00 \u20ac<\/h2>\t\t\t\t<\/div>\n\t\t\t\t<\/div>\n\t\t\t\t<div class=\"elementor-element elementor-element-26ec6a0 elementor-widget elementor-widget-text-editor\" data-id=\"26ec6a0\" data-element_type=\"widget\" data-e-type=\"widget\" data-widget_type=\"text-editor.default\">\n\t\t\t\t<div class=\"elementor-widget-container\">\n\t\t\t\t\t\t\t\t\t<p>Conocido tambi\u00e9n como masaje Hawaiano Lomi Lomi o Danza Sagrada. Cuenta la leyenda que los Kahunas, hombres y mujeres sabios, maestros que practicaban esta t\u00e9cnica para sanar dolencias, liberar el flujo energ\u00e9tico y recobrar la alegr\u00eda de vivir. La filosof\u00eda Huna busca el equilibrio, que significa conocimiento secreto. HU es la energ\u00eda masculina, NA la energ\u00eda femenina.<\/p><p><strong>        <div class=\"rmwr-wrapper\" \n             data-id=\"rmwr-69d74d7c95e86\"\n             data-mode=\"normal\"\n             data-animation=\"fade\"\n             data-duration=\"300\"\n             data-smooth-scroll=\"true\"\n             data-scroll-offset=\"0\">\n            <button \n                type=\"button\"\n                class=\"read-link\" \n                id=\"readlinkrmwr-69d74d7c95e86\"\n                data-open-text=\"Leer m\u00e1s\"\n                data-close-text=\"Leer menos\"\n                aria-expanded=\"false\"\n                aria-controls=\"readrmwr-69d74d7c95e86\"\n                aria-label=\"Leer m\u00e1s\"\n            >\n                <span class=\"rmwr-text\">Leer m\u00e1s<\/span>\n            <\/button>\n            <div \n                class=\"read_div\" \n                id=\"readrmwr-69d74d7c95e86\"\n                aria-hidden=\"true\"\n                data-animation=\"fade\"\n                data-duration=\"300\"\n                style=\"display: none;\"\n            >\n                <\/strong><\/p><p>En el masaje se utilizan antebrazos, codos, mu\u00f1ecas, palmas y dorso de las manos con movimientos r\u00edtmicos, armoniosos y delicados como si de la danza Aloha se tratara.<br \/>Se trata el cuerpo como un todo, de forma global, se trabajan a la vez diferentes partes del cuerpo para que el cerebro no sea capaz de concentrarse en todas ellas y termine desconectando y relajando para lograr el equilibrio entre lo f\u00edsico, mental y emocional.<br \/>Los problemas musculares o estr\u00e9s, no solo nos afectan en el aspecto f\u00edsico, tambi\u00e9n no afectan en el aspecto energ\u00e9tico y emocional<\/p><p><strong>            <\/div>\n        <\/div>\n        <\/strong><\/p>\t\t\t\t\t\t\t\t<\/div>\n\t\t\t\t<\/div>\n\t\t\t\t<\/div>\n\t\t\t\t\t<\/div>\n\t\t\t\t<\/div>\n\t\t\t\t<\/div>","protected":false},"excerpt":{"rendered":"<p>RITUALES HOLISTICOS T\u00e9cnicas de masajes que tratan el cuerpo como un todo. Equilibrio a nivel f\u00edsico, emocional y mental.Mejoran el sistema nervioso, alivian dolencias, liberan canales energ\u00e9ticos y relajan cuerpo, mente y alma. KAHUNA Lomi Lomi Masaje Hawaiano&#8212;-110,00 \u20ac Conocido tambi\u00e9n como masaje Hawaiano Lomi Lomi o Danza Sagrada. Cuenta la leyenda que los Kahunas, [&hellip;]<\/p>\n","protected":false},"author":1,"featured_media":0,"parent":0,"menu_order":0,"comment_status":"closed","ping_status":"closed","template":"elementor_canvas","meta":{"footnotes":""},"class_list":["post-181","page","type-page","status-publish","hentry"],"yoast_head":"<!-- This site is optimized with the Yoast SEO plugin v27.3 - https:\/\/yoast.com\/product\/yoast-seo-wordpress\/ -->\n<title>Holisticos - Tiar\u00e9 Skin Beauty<\/title>\n<meta name=\"robots\" content=\"index, follow, max-snippet:-1, max-image-preview:large, max-video-preview:-1\" \/>\n<link rel=\"canonical\" href=\"https:\/\/tiareskinbeauty.es\/eus\/holisticos\/\" \/>\n<meta property=\"og:locale\" content=\"en_US\" \/>\n<meta property=\"og:type\" content=\"article\" \/>\n<meta property=\"og:title\" content=\"Holisticos - Tiar\u00e9 Skin Beauty\" \/>\n<meta property=\"og:description\" content=\"RITUALES HOLISTICOS T\u00e9cnicas de masajes que tratan el cuerpo como un todo. Equilibrio a nivel f\u00edsico, emocional y mental.Mejoran el sistema nervioso, alivian dolencias, liberan canales energ\u00e9ticos y relajan cuerpo, mente y alma. KAHUNA Lomi Lomi Masaje Hawaiano&#8212;-110,00 \u20ac Conocido tambi\u00e9n como masaje Hawaiano Lomi Lomi o Danza Sagrada. Cuenta la leyenda que los Kahunas, [&hellip;]\" \/>\n<meta property=\"og:url\" content=\"https:\/\/tiareskinbeauty.es\/eus\/holisticos\/\" \/>\n<meta property=\"og:site_name\" content=\"Tiar\u00e9 Skin Beauty\" \/>\n<meta property=\"article:modified_time\" content=\"2025-11-13T11:45:47+00:00\" \/>\n<meta property=\"og:image\" content=\"https:\/\/tiareskinbeauty.es\/wp-content\/uploads\/2024\/03\/Captura-desde-2024-03-22-17-10-17.png\" \/>\n\t<meta property=\"og:image:width\" content=\"466\" \/>\n\t<meta property=\"og:image:height\" content=\"466\" \/>\n\t<meta property=\"og:image:type\" content=\"image\/png\" \/>\n<meta name=\"twitter:card\" content=\"summary_large_image\" \/>\n<meta name=\"twitter:label1\" content=\"Est. reading time\" \/>\n\t<meta name=\"twitter:data1\" content=\"2 minutua\" \/>\n<script type=\"application\/ld+json\" class=\"yoast-schema-graph\">{\"@context\":\"https:\\\/\\\/schema.org\",\"@graph\":[{\"@type\":\"WebPage\",\"@id\":\"https:\\\/\\\/tiareskinbeauty.es\\\/holisticos\\\/\",\"url\":\"https:\\\/\\\/tiareskinbeauty.es\\\/holisticos\\\/\",\"name\":\"Holisticos - Tiar\u00e9 Skin Beauty\",\"isPartOf\":{\"@id\":\"https:\\\/\\\/tiareskinbeauty.es\\\/#website\"},\"primaryImageOfPage\":{\"@id\":\"https:\\\/\\\/tiareskinbeauty.es\\\/holisticos\\\/#primaryimage\"},\"image\":{\"@id\":\"https:\\\/\\\/tiareskinbeauty.es\\\/holisticos\\\/#primaryimage\"},\"thumbnailUrl\":\"https:\\\/\\\/tiareskinbeauty.es\\\/wp-content\\\/uploads\\\/2024\\\/03\\\/Captura-desde-2024-03-22-17-10-17.png\",\"datePublished\":\"2024-01-19T09:50:50+00:00\",\"dateModified\":\"2025-11-13T11:45:47+00:00\",\"breadcrumb\":{\"@id\":\"https:\\\/\\\/tiareskinbeauty.es\\\/holisticos\\\/#breadcrumb\"},\"inLanguage\":\"eu\",\"potentialAction\":[{\"@type\":\"ReadAction\",\"target\":[\"https:\\\/\\\/tiareskinbeauty.es\\\/holisticos\\\/\"]}]},{\"@type\":\"ImageObject\",\"inLanguage\":\"eu\",\"@id\":\"https:\\\/\\\/tiareskinbeauty.es\\\/holisticos\\\/#primaryimage\",\"url\":\"https:\\\/\\\/tiareskinbeauty.es\\\/wp-content\\\/uploads\\\/2024\\\/03\\\/Captura-desde-2024-03-22-17-10-17.png\",\"contentUrl\":\"https:\\\/\\\/tiareskinbeauty.es\\\/wp-content\\\/uploads\\\/2024\\\/03\\\/Captura-desde-2024-03-22-17-10-17.png\"},{\"@type\":\"BreadcrumbList\",\"@id\":\"https:\\\/\\\/tiareskinbeauty.es\\\/holisticos\\\/#breadcrumb\",\"itemListElement\":[{\"@type\":\"ListItem\",\"position\":1,\"name\":\"Portada\",\"item\":\"https:\\\/\\\/tiareskinbeauty.es\\\/\"},{\"@type\":\"ListItem\",\"position\":2,\"name\":\"Holisticos\"}]},{\"@type\":\"WebSite\",\"@id\":\"https:\\\/\\\/tiareskinbeauty.es\\\/#website\",\"url\":\"https:\\\/\\\/tiareskinbeauty.es\\\/\",\"name\":\"Tiar\u00e9 Skin Beauty\",\"description\":\"Creamos belleza que se ve y se siente.\",\"potentialAction\":[{\"@type\":\"SearchAction\",\"target\":{\"@type\":\"EntryPoint\",\"urlTemplate\":\"https:\\\/\\\/tiareskinbeauty.es\\\/?s={search_term_string}\"},\"query-input\":{\"@type\":\"PropertyValueSpecification\",\"valueRequired\":true,\"valueName\":\"search_term_string\"}}],\"inLanguage\":\"eu\"}]}<\/script>\n<!-- \/ Yoast SEO plugin. -->","yoast_head_json":{"title":"Holisticos - Tiar\u00e9 Skin Beauty","robots":{"index":"index","follow":"follow","max-snippet":"max-snippet:-1","max-image-preview":"max-image-preview:large","max-video-preview":"max-video-preview:-1"},"canonical":"https:\/\/tiareskinbeauty.es\/eus\/holisticos\/","og_locale":"en_US","og_type":"article","og_title":"Holisticos - Tiar\u00e9 Skin Beauty","og_description":"RITUALES HOLISTICOS T\u00e9cnicas de masajes que tratan el cuerpo como un todo. Equilibrio a nivel f\u00edsico, emocional y mental.Mejoran el sistema nervioso, alivian dolencias, liberan canales energ\u00e9ticos y relajan cuerpo, mente y alma. KAHUNA Lomi Lomi Masaje Hawaiano&#8212;-110,00 \u20ac Conocido tambi\u00e9n como masaje Hawaiano Lomi Lomi o Danza Sagrada. Cuenta la leyenda que los Kahunas, [&hellip;]","og_url":"https:\/\/tiareskinbeauty.es\/eus\/holisticos\/","og_site_name":"Tiar\u00e9 Skin Beauty","article_modified_time":"2025-11-13T11:45:47+00:00","og_image":[{"width":466,"height":466,"url":"https:\/\/tiareskinbeauty.es\/wp-content\/uploads\/2024\/03\/Captura-desde-2024-03-22-17-10-17.png","type":"image\/png"}],"twitter_card":"summary_large_image","twitter_misc":{"Est. reading time":"2 minutua"},"schema":{"@context":"https:\/\/schema.org","@graph":[{"@type":"WebPage","@id":"https:\/\/tiareskinbeauty.es\/holisticos\/","url":"https:\/\/tiareskinbeauty.es\/holisticos\/","name":"Holisticos - Tiar\u00e9 Skin Beauty","isPartOf":{"@id":"https:\/\/tiareskinbeauty.es\/#website"},"primaryImageOfPage":{"@id":"https:\/\/tiareskinbeauty.es\/holisticos\/#primaryimage"},"image":{"@id":"https:\/\/tiareskinbeauty.es\/holisticos\/#primaryimage"},"thumbnailUrl":"https:\/\/tiareskinbeauty.es\/wp-content\/uploads\/2024\/03\/Captura-desde-2024-03-22-17-10-17.png","datePublished":"2024-01-19T09:50:50+00:00","dateModified":"2025-11-13T11:45:47+00:00","breadcrumb":{"@id":"https:\/\/tiareskinbeauty.es\/holisticos\/#breadcrumb"},"inLanguage":"eu","potentialAction":[{"@type":"ReadAction","target":["https:\/\/tiareskinbeauty.es\/holisticos\/"]}]},{"@type":"ImageObject","inLanguage":"eu","@id":"https:\/\/tiareskinbeauty.es\/holisticos\/#primaryimage","url":"https:\/\/tiareskinbeauty.es\/wp-content\/uploads\/2024\/03\/Captura-desde-2024-03-22-17-10-17.png","contentUrl":"https:\/\/tiareskinbeauty.es\/wp-content\/uploads\/2024\/03\/Captura-desde-2024-03-22-17-10-17.png"},{"@type":"BreadcrumbList","@id":"https:\/\/tiareskinbeauty.es\/holisticos\/#breadcrumb","itemListElement":[{"@type":"ListItem","position":1,"name":"Portada","item":"https:\/\/tiareskinbeauty.es\/"},{"@type":"ListItem","position":2,"name":"Holisticos"}]},{"@type":"WebSite","@id":"https:\/\/tiareskinbeauty.es\/#website","url":"https:\/\/tiareskinbeauty.es\/","name":"Tiar\u00e9 Skin Beauty","description":"Creamos belleza que se ve y se siente.","potentialAction":[{"@type":"SearchAction","target":{"@type":"EntryPoint","urlTemplate":"https:\/\/tiareskinbeauty.es\/?s={search_term_string}"},"query-input":{"@type":"PropertyValueSpecification","valueRequired":true,"valueName":"search_term_string"}}],"inLanguage":"eu"}]}},"_links":{"self":[{"href":"https:\/\/tiareskinbeauty.es\/eus\/wp-json\/wp\/v2\/pages\/181","targetHints":{"allow":["GET"]}}],"collection":[{"href":"https:\/\/tiareskinbeauty.es\/eus\/wp-json\/wp\/v2\/pages"}],"about":[{"href":"https:\/\/tiareskinbeauty.es\/eus\/wp-json\/wp\/v2\/types\/page"}],"author":[{"embeddable":true,"href":"https:\/\/tiareskinbeauty.es\/eus\/wp-json\/wp\/v2\/users\/1"}],"replies":[{"embeddable":true,"href":"https:\/\/tiareskinbeauty.es\/eus\/wp-json\/wp\/v2\/comments?post=181"}],"version-history":[{"count":169,"href":"https:\/\/tiareskinbeauty.es\/eus\/wp-json\/wp\/v2\/pages\/181\/revisions"}],"predecessor-version":[{"id":4105,"href":"https:\/\/tiareskinbeauty.es\/eus\/wp-json\/wp\/v2\/pages\/181\/revisions\/4105"}],"wp:attachment":[{"href":"https:\/\/tiareskinbeauty.es\/eus\/wp-json\/wp\/v2\/media?parent=181"}],"curies":[{"name":"wp","href":"https:\/\/api.w.org\/{rel}","templated":true}]}}