{"id":2,"date":"2024-01-18T14:36:08","date_gmt":"2024-01-18T14:36:08","guid":{"rendered":"https:\/\/web4.rkinformatika.net\/tiareskinbeauty\/?page_id=2"},"modified":"2026-03-31T15:55:47","modified_gmt":"2026-03-31T15:55:47","slug":"hola","status":"publish","type":"page","link":"https:\/\/tiareskinbeauty.es\/eus\/hola\/","title":{"rendered":"Kaixo"},"content":{"rendered":"<style>.elementor-2 .elementor-element.elementor-element-578ffd5{--display:flex;--flex-direction:column;--container-widget-width:100%;--container-widget-height:initial;--container-widget-flex-grow:0;--container-widget-align-self:initial;--flex-wrap-mobile:wrap;--margin-top:0px;--margin-bottom:0px;--margin-left:0px;--margin-right:0px;--padding-top:60px;--padding-bottom:040px;--padding-left:60px;--padding-right:0px;}.elementor-2 .elementor-element.elementor-element-893edff{text-align:center;}.elementor-2 .elementor-element.elementor-element-893edff .elementor-heading-title{font-family:\"Times New Roman\", Sans-serif;font-size:76px;}.elementor-2 .elementor-element.elementor-element-039ab7b{column-gap:1px;text-align:center;font-family:\"Times New Roman\", Sans-serif;font-size:43px;color:#000000;}.elementor-2 .elementor-element.elementor-element-405e518a{margin-top:0px;margin-bottom:0px;padding:0px 0px 0px 0px;}.elementor-2 .elementor-element.elementor-element-238cb371 > .elementor-element-populated{margin:0px 0px 0px 0px;--e-column-margin-right:0px;--e-column-margin-left:0px;padding:0px 0px 0px 0px;}.elementor-2 .elementor-element.elementor-element-1318673 > .elementor-widget-container{margin:0px 0px 0px 0px;padding:0px 0px 0px 0px;}.elementor-2 .elementor-element.elementor-element-65652580 > .elementor-element-populated{margin:0px 0px 0px 0px;--e-column-margin-right:0px;--e-column-margin-left:0px;padding:0px 0px 0px 0px;}.elementor-2 .elementor-element.elementor-element-c55f84c{text-align:justify;font-family:\"Times New Roman\", Sans-serif;font-size:21px;}.elementor-2 .elementor-element.elementor-element-c55f84c > .elementor-widget-container{margin:0px 0px 0px 0px;padding:0px 80px 0px 80px;}.elementor-2 .elementor-element.elementor-element-df25789{--display:flex;--flex-direction:row;--container-widget-width:initial;--container-widget-height:100%;--container-widget-flex-grow:1;--container-widget-align-self:stretch;--flex-wrap-mobile:wrap;--gap:0px 0px;--row-gap:0px;--column-gap:0px;--margin-top:0px;--margin-bottom:0px;--margin-left:0px;--margin-right:0px;--padding-top:0px;--padding-bottom:0px;--padding-left:0px;--padding-right:0px;}.elementor-2 .elementor-element.elementor-element-8d27ad0{--display:flex;--flex-direction:column;--container-widget-width:100%;--container-widget-height:initial;--container-widget-flex-grow:0;--container-widget-align-self:initial;--flex-wrap-mobile:wrap;--margin-top:0px;--margin-bottom:0px;--margin-left:0px;--margin-right:0px;--padding-top:0px;--padding-bottom:0px;--padding-left:0px;--padding-right:0px;}.elementor-2 .elementor-element.elementor-element-5878381 img{width:100%;}.elementor-2 .elementor-element.elementor-element-5878381 > .elementor-widget-container{margin:0px 0px 0px 0px;padding:0px 0px 0px 0px;}.elementor-2 .elementor-element.elementor-element-6bb6137{--display:flex;--flex-direction:column;--container-widget-width:100%;--container-widget-height:initial;--container-widget-flex-grow:0;--container-widget-align-self:initial;--flex-wrap-mobile:wrap;}.elementor-2 .elementor-element.elementor-element-ed4c3db{text-align:justify;font-family:\"Times New Roman\", Sans-serif;font-size:20px;}.elementor-2 .elementor-element.elementor-element-ed4c3db > .elementor-widget-container{margin:0px 0px 0px 0px;padding:20px 80px 0px 80px;}.elementor-2 .elementor-element.elementor-element-54eadc6{--display:flex;}.elementor-2 .elementor-element.elementor-element-0f1578f{--display:flex;}@media(min-width:768px){.elementor-2 .elementor-element.elementor-element-8d27ad0{--width:50%;}.elementor-2 .elementor-element.elementor-element-6bb6137{--width:50%;}}@media(max-width:1024px){.elementor-2 .elementor-element.elementor-element-578ffd5{--padding-top:60px;--padding-bottom:60px;--padding-left:40px;--padding-right:0px;}.elementor-2 .elementor-element.elementor-element-039ab7b{font-size:15px;}.elementor-2 .elementor-element.elementor-element-039ab7b > .elementor-widget-container{margin:0px 0px 0px 0px;padding:0px 0px 0px 0px;}.elementor-2 .elementor-element.elementor-element-405e518a{padding:0px 10px 80px 10px;}.elementor-2 .elementor-element.elementor-element-1318673 > .elementor-widget-container{margin:0px 0px 0px 0px;padding:75px 0px 0px 0px;}.elementor-2 .elementor-element.elementor-element-c55f84c{font-size:15px;}.elementor-2 .elementor-element.elementor-element-c55f84c > .elementor-widget-container{padding:0px 10px 0px 10px;}.elementor-2 .elementor-element.elementor-element-5878381 > .elementor-widget-container{padding:285px 0px 0px 0px;}.elementor-2 .elementor-element.elementor-element-ed4c3db{font-size:15px;}.elementor-2 .elementor-element.elementor-element-ed4c3db > .elementor-widget-container{padding:0px 10px 0px 10px;}}@media(max-width:767px){.elementor-2 .elementor-element.elementor-element-578ffd5{--padding-top:40px;--padding-bottom:0px;--padding-left:10px;--padding-right:10px;}.elementor-2 .elementor-element.elementor-element-893edff{text-align:center;}.elementor-2 .elementor-element.elementor-element-893edff .elementor-heading-title{font-size:30px;}.elementor-2 .elementor-element.elementor-element-039ab7b{font-size:23px;line-height:1em;}.elementor-2 .elementor-element.elementor-element-039ab7b > .elementor-widget-container{margin:0px 0px 0px 0px;padding:0px 0px 0px 0px;}.elementor-2 .elementor-element.elementor-element-405e518a{margin-top:0px;margin-bottom:0px;padding:10px 0px 0px 0px;}.elementor-2 .elementor-element.elementor-element-238cb371 > .elementor-element-populated{margin:0px 0px 0px 0px;--e-column-margin-right:0px;--e-column-margin-left:0px;}.elementor-2 .elementor-element.elementor-element-1318673 > .elementor-widget-container{padding:0px 0px 0px 0px;}.elementor-2 .elementor-element.elementor-element-65652580 > .elementor-element-populated{margin:0px 0px 0px 0px;--e-column-margin-right:0px;--e-column-margin-left:0px;padding:0px 0px 0px 0px;}.elementor-2 .elementor-element.elementor-element-c55f84c{text-align:start;font-size:16px;}.elementor-2 .elementor-element.elementor-element-c55f84c > .elementor-widget-container{padding:20px 20px 0px 20px;}.elementor-2 .elementor-element.elementor-element-8d27ad0{--margin-top:0px;--margin-bottom:0px;--margin-left:0px;--margin-right:0px;--padding-top:0px;--padding-bottom:0px;--padding-left:0px;--padding-right:0px;}.elementor-2 .elementor-element.elementor-element-5878381 img{width:100%;}.elementor-2 .elementor-element.elementor-element-5878381 > .elementor-widget-container{margin:0px 0px 0px 0px;padding:0px 0px 0px 0px;}.elementor-2 .elementor-element.elementor-element-ed4c3db{text-align:start;font-size:18px;}.elementor-2 .elementor-element.elementor-element-ed4c3db > .elementor-widget-container{padding:20px 10px 0px 10px;}}<\/style>\t\t<div data-elementor-type=\"wp-page\" data-elementor-id=\"2\" class=\"elementor elementor-2\" data-elementor-post-type=\"page\">\n\t\t\t\t<div class=\"elementor-element elementor-element-578ffd5 e-flex e-con-boxed e-con e-parent\" data-id=\"578ffd5\" data-element_type=\"container\" data-e-type=\"container\">\n\t\t\t\t\t<div class=\"e-con-inner\">\n\t\t\t\t<div class=\"elementor-element elementor-element-893edff elementor-widget elementor-widget-heading\" data-id=\"893edff\" data-element_type=\"widget\" data-e-type=\"widget\" data-widget_type=\"heading.default\">\n\t\t\t\t<div class=\"elementor-widget-container\">\n\t\t\t\t\t<h2 class=\"elementor-heading-title elementor-size-default\">Kaixo!<\/h2>\t\t\t\t<\/div>\n\t\t\t\t<\/div>\n\t\t\t\t<div class=\"elementor-element elementor-element-039ab7b elementor-widget elementor-widget-text-editor\" data-id=\"039ab7b\" data-element_type=\"widget\" data-e-type=\"widget\" data-widget_type=\"text-editor.default\">\n\t\t\t\t<div class=\"elementor-widget-container\">\n\t\t\t\t\t\t\t\t\t<p>Tiar\u00e8 Skin Beauty<\/p>\t\t\t\t\t\t\t\t<\/div>\n\t\t\t\t<\/div>\n\t\t\t\t\t<\/div>\n\t\t\t\t<\/div>\n\t\t\t\t<section class=\"elementor-section elementor-top-section elementor-element elementor-element-405e518a elementor-section-full_width elementor-section-height-default elementor-section-height-default\" data-id=\"405e518a\" data-element_type=\"section\" data-e-type=\"section\">\n\t\t\t\t\t\t<div class=\"elementor-container elementor-column-gap-default\">\n\t\t\t\t\t<div class=\"elementor-column elementor-col-50 elementor-top-column elementor-element elementor-element-238cb371\" data-id=\"238cb371\" data-element_type=\"column\" data-e-type=\"column\">\n\t\t\t<div class=\"elementor-widget-wrap elementor-element-populated\">\n\t\t\t\t\t\t<div class=\"elementor-element elementor-element-1318673 elementor-widget elementor-widget-image\" data-id=\"1318673\" data-element_type=\"widget\" data-e-type=\"widget\" data-widget_type=\"image.default\">\n\t\t\t\t<div class=\"elementor-widget-container\">\n\t\t\t\t\t\t\t\t\t\t\t\t\t\t\t<img fetchpriority=\"high\" decoding=\"async\" width=\"1024\" height=\"1536\" src=\"https:\/\/tiareskinbeauty.es\/wp-content\/uploads\/2026\/03\/1000141417.png\" class=\"attachment-full size-full wp-image-4130\" alt=\"\" srcset=\"https:\/\/tiareskinbeauty.es\/wp-content\/uploads\/2026\/03\/1000141417.png 1024w, https:\/\/tiareskinbeauty.es\/wp-content\/uploads\/2026\/03\/1000141417-200x300.png 200w, https:\/\/tiareskinbeauty.es\/wp-content\/uploads\/2026\/03\/1000141417-683x1024.png 683w, https:\/\/tiareskinbeauty.es\/wp-content\/uploads\/2026\/03\/1000141417-768x1152.png 768w, https:\/\/tiareskinbeauty.es\/wp-content\/uploads\/2026\/03\/1000141417-8x12.png 8w\" sizes=\"(max-width: 1024px) 100vw, 1024px\" \/>\t\t\t\t\t\t\t\t\t\t\t\t\t\t\t<\/div>\n\t\t\t\t<\/div>\n\t\t\t\t\t<\/div>\n\t\t<\/div>\n\t\t\t\t<div class=\"elementor-column elementor-col-50 elementor-top-column elementor-element elementor-element-65652580\" data-id=\"65652580\" data-element_type=\"column\" data-e-type=\"column\">\n\t\t\t<div class=\"elementor-widget-wrap elementor-element-populated\">\n\t\t\t\t\t\t<div class=\"elementor-element elementor-element-c55f84c elementor-widget elementor-widget-text-editor\" data-id=\"c55f84c\" data-element_type=\"widget\" data-e-type=\"widget\" data-widget_type=\"text-editor.default\">\n\t\t\t\t<div class=\"elementor-widget-container\">\n\t\t\t\t\t\t\t\t\t<p><strong>Tiar\u00e9 Skin Beauty<\/strong><\/p><p>Te ofrece Rituales de Belleza dise\u00f1ados cuidadosamente para realzar la belleza natural y el bienestar en general.<\/p><p>Conseguir una piel en equilibrio, frenar el paso del tiempo y mejorar el aspecto de la misma de manera natural, consciente y sostenible, acompa\u00f1\u00e1ndola en cada etapa, respetando sus tiempos, con calma, con ciencia, con naturaleza, potenciando resultados de forma efectiva.<\/p><p><strong>FACIALES, CORPORALES,\u00a0 FOTODEPILACI\u00d3N, MASAJES Y EXPERIENCIAS<\/strong><\/p><p>Abordamos el cuidado de la piel como un conjunto global del cuidado del cuerpo entendiendo que la belleza emerge de una piel saludable.<\/p><p>El primer paso escuchar tu preocupaci\u00f3n y hacer un diagnostico con el que dise\u00f1ar un plan de trabajo personalizado en funci\u00f3n de tu preocupaci\u00f3n y necesidad de la piel.\u00a0<\/p><p>La piel refleja lo que has vivido, lo que has sentido y sus cuidados.<\/p><p><strong>Tiar\u00e8, belleza que conecta con tu interior.<\/strong><\/p>\t\t\t\t\t\t\t\t<\/div>\n\t\t\t\t<\/div>\n\t\t\t\t\t<\/div>\n\t\t<\/div>\n\t\t\t\t\t<\/div>\n\t\t<\/section>\n\t\t<div class=\"elementor-element elementor-element-df25789 e-con-full e-flex e-con e-parent\" data-id=\"df25789\" data-element_type=\"container\" data-e-type=\"container\">\n\t\t<div class=\"elementor-element elementor-element-8d27ad0 e-con-full elementor-hidden-mobile e-flex e-con e-child\" data-id=\"8d27ad0\" data-element_type=\"container\" data-e-type=\"container\">\n\t\t\t\t<div class=\"elementor-element elementor-element-5878381 elementor-widget elementor-widget-image\" data-id=\"5878381\" data-element_type=\"widget\" data-e-type=\"widget\" data-widget_type=\"image.default\">\n\t\t\t\t<div class=\"elementor-widget-container\">\n\t\t\t\t\t\t\t\t\t\t\t\t\t\t\t<img decoding=\"async\" width=\"953\" height=\"1571\" src=\"https:\/\/tiareskinbeauty.es\/wp-content\/uploads\/2024\/01\/11062b_85fde8218ca64db0ae3c80692c183527mv2.webp\" class=\"attachment-full size-full wp-image-2312\" alt=\"\" srcset=\"https:\/\/tiareskinbeauty.es\/wp-content\/uploads\/2024\/01\/11062b_85fde8218ca64db0ae3c80692c183527mv2.webp 953w, https:\/\/tiareskinbeauty.es\/wp-content\/uploads\/2024\/01\/11062b_85fde8218ca64db0ae3c80692c183527mv2-182x300.webp 182w, https:\/\/tiareskinbeauty.es\/wp-content\/uploads\/2024\/01\/11062b_85fde8218ca64db0ae3c80692c183527mv2-621x1024.webp 621w, https:\/\/tiareskinbeauty.es\/wp-content\/uploads\/2024\/01\/11062b_85fde8218ca64db0ae3c80692c183527mv2-768x1266.webp 768w, https:\/\/tiareskinbeauty.es\/wp-content\/uploads\/2024\/01\/11062b_85fde8218ca64db0ae3c80692c183527mv2-932x1536.webp 932w, https:\/\/tiareskinbeauty.es\/wp-content\/uploads\/2024\/01\/11062b_85fde8218ca64db0ae3c80692c183527mv2-7x12.webp 7w\" sizes=\"(max-width: 953px) 100vw, 953px\" \/>\t\t\t\t\t\t\t\t\t\t\t\t\t\t\t<\/div>\n\t\t\t\t<\/div>\n\t\t\t\t<\/div>\n\t\t<div class=\"elementor-element elementor-element-6bb6137 e-con-full e-flex e-con e-child\" data-id=\"6bb6137\" data-element_type=\"container\" data-e-type=\"container\">\n\t\t\t\t<div class=\"elementor-element elementor-element-ed4c3db elementor-widget elementor-widget-text-editor\" data-id=\"ed4c3db\" data-element_type=\"widget\" data-e-type=\"widget\" data-widget_type=\"text-editor.default\">\n\t\t\t\t<div class=\"elementor-widget-container\">\n\t\t\t\t\t\t\t\t\t<p><strong>Sobre mi:<\/strong><\/p><p>Amaia Beamonte, facialista de vocaci\u00f3n\u00a0 con m\u00e1s de 25 a\u00f1os de experiencia.<\/p><p>Muchos de los a\u00f1os de mi trayectoria profesional los he dedicado como asesora t\u00e9cnica a la demostraci\u00f3n de tratamientos, faciales, corporales, holisticos, a la formaci\u00f3n de equipos\u00a0 con laboratorios de l\u00edneas cosm\u00e9ticas profesionales para el cuidado de la piel.<br \/>Una gran experiencia, la de transmitir.<\/p><p>En este camino, he conocido grandes profesionales y maravillosas personas y de todas he aprendido algo.<\/p><p><strong>\u00a0<\/strong><\/p><p><strong>Mi pasi\u00f3n:<\/strong><\/p><p><strong>Mi nueva andadura, Tiar\u00e8 Skin Beauty<\/strong><\/p><p>Mi lema:<\/p><p>La belleza comienza con una piel sana y en equilibrio.<\/p><p>El embellecimiento de la piel, observar su transformaci\u00f3n con t\u00e9cnicas de masaje precisas, activos puros, con investigaci\u00f3n, uniendo ciencia y bot\u00e1nica, un equilibrio entre resultados y la excelencia de rituales extraordinarios.<br \/>La magia de la mano sobre un rostro, fusi\u00f3n de energ\u00eda y movimiento. La importancia de un estudio exhaustivo de la piel para la recomendaci\u00f3n de pautas de cuidado espec\u00edficas que engloban rituales en cabina, \u201cimpulso especial\u201d junto con la prescripci\u00f3n del autocuidado domiciliar.<\/p><p>No se trata de parecer una jovencita, cuando no lo eres, se trata de tener una apariencia natural, una piel impecable y un rostro en armon\u00eda sin perder nuestra esencia y carisma personal.<\/p><p>Sentirse bella y c\u00f3moda en tu propio cuerpo, genera confianza.\u00a0<\/p><p>\u00a0Alrededor de los 30 a\u00f1os se evidencian los primeros signos de envejecimiento.<\/p><p>\u00bfLe ponemos freno?<br \/>La prevenci\u00f3n es el mejor sistema antiedad<\/p><p>Un cuidado global asegura un envejecimiento exitoso y una juventud seductora.<\/p><p>BELLEZA CON CALMA<\/p><p><strong>\u00a1SLOW BEAUTY!<\/strong><\/p>\t\t\t\t\t\t\t\t<\/div>\n\t\t\t\t<\/div>\n\t\t\t\t<\/div>\n\t\t\t\t<\/div>\n\t\t<div class=\"elementor-element elementor-element-54eadc6 e-flex e-con-boxed e-con e-parent\" data-id=\"54eadc6\" data-element_type=\"container\" data-e-type=\"container\">\n\t\t\t\t\t<div class=\"e-con-inner\">\n\t\t\t\t\t<\/div>\n\t\t\t\t<\/div>\n\t\t<div class=\"elementor-element elementor-element-0f1578f e-flex e-con-boxed e-con e-parent\" data-id=\"0f1578f\" data-element_type=\"container\" data-e-type=\"container\">\n\t\t\t\t\t<div class=\"e-con-inner\">\n\t\t\t\t<div class=\"elementor-element elementor-element-1c4d18e elementor-widget elementor-widget-image\" data-id=\"1c4d18e\" data-element_type=\"widget\" data-e-type=\"widget\" data-widget_type=\"image.default\">\n\t\t\t\t<div class=\"elementor-widget-container\">\n\t\t\t\t\t\t\t\t\t\t\t\t\t\t\t<img decoding=\"async\" src=\"https:\/\/tiareskinbeauty.es\/wp-content\/plugins\/elementor\/assets\/images\/placeholder.png\" title=\"\" alt=\"\" loading=\"lazy\" \/>\t\t\t\t\t\t\t\t\t\t\t\t\t\t\t<\/div>\n\t\t\t\t<\/div>\n\t\t\t\t\t<\/div>\n\t\t\t\t<\/div>\n\t\t\t\t<\/div>","protected":false},"excerpt":{"rendered":"<p>\u00a1Hola! Tiar\u00e8 Skin Beauty Tiar\u00e9 Skin Beauty Te ofrece Rituales de Belleza dise\u00f1ados cuidadosamente para realzar la belleza natural y el bienestar en general. Conseguir una piel en equilibrio, frenar el paso del tiempo y mejorar el aspecto de la misma de manera natural, consciente y sostenible, acompa\u00f1\u00e1ndola en cada etapa, respetando sus tiempos, con [&hellip;]<\/p>\n","protected":false},"author":1,"featured_media":0,"parent":0,"menu_order":0,"comment_status":"closed","ping_status":"closed","template":"elementor_canvas","meta":{"footnotes":""},"class_list":["post-2","page","type-page","status-publish","hentry"],"yoast_head":"<!-- This site is optimized with the Yoast SEO plugin v27.3 - https:\/\/yoast.com\/product\/yoast-seo-wordpress\/ -->\n<title>Hola - Tiar\u00e9 Skin Beauty<\/title>\n<meta name=\"robots\" content=\"index, follow, max-snippet:-1, max-image-preview:large, max-video-preview:-1\" \/>\n<link rel=\"canonical\" href=\"https:\/\/tiareskinbeauty.es\/eus\/hola\/\" \/>\n<meta property=\"og:locale\" content=\"en_US\" \/>\n<meta property=\"og:type\" content=\"article\" \/>\n<meta property=\"og:title\" content=\"Hola - Tiar\u00e9 Skin Beauty\" \/>\n<meta property=\"og:description\" content=\"\u00a1Hola! Tiar\u00e8 Skin Beauty Tiar\u00e9 Skin Beauty Te ofrece Rituales de Belleza dise\u00f1ados cuidadosamente para realzar la belleza natural y el bienestar en general. Conseguir una piel en equilibrio, frenar el paso del tiempo y mejorar el aspecto de la misma de manera natural, consciente y sostenible, acompa\u00f1\u00e1ndola en cada etapa, respetando sus tiempos, con [&hellip;]\" \/>\n<meta property=\"og:url\" content=\"https:\/\/tiareskinbeauty.es\/eus\/hola\/\" \/>\n<meta property=\"og:site_name\" content=\"Tiar\u00e9 Skin Beauty\" \/>\n<meta property=\"article:modified_time\" content=\"2026-03-31T15:55:47+00:00\" \/>\n<meta property=\"og:image\" content=\"https:\/\/tiareskinbeauty.es\/wp-content\/uploads\/2026\/03\/1000141417.png\" \/>\n<meta name=\"twitter:card\" content=\"summary_large_image\" \/>\n<meta name=\"twitter:label1\" content=\"Est. reading time\" \/>\n\t<meta name=\"twitter:data1\" content=\"3 minutua\" \/>\n<script type=\"application\/ld+json\" class=\"yoast-schema-graph\">{\"@context\":\"https:\\\/\\\/schema.org\",\"@graph\":[{\"@type\":\"WebPage\",\"@id\":\"https:\\\/\\\/tiareskinbeauty.es\\\/hola\\\/\",\"url\":\"https:\\\/\\\/tiareskinbeauty.es\\\/hola\\\/\",\"name\":\"Hola - Tiar\u00e9 Skin Beauty\",\"isPartOf\":{\"@id\":\"https:\\\/\\\/tiareskinbeauty.es\\\/#website\"},\"primaryImageOfPage\":{\"@id\":\"https:\\\/\\\/tiareskinbeauty.es\\\/hola\\\/#primaryimage\"},\"image\":{\"@id\":\"https:\\\/\\\/tiareskinbeauty.es\\\/hola\\\/#primaryimage\"},\"thumbnailUrl\":\"https:\\\/\\\/tiareskinbeauty.es\\\/wp-content\\\/uploads\\\/2026\\\/03\\\/1000141417.png\",\"datePublished\":\"2024-01-18T14:36:08+00:00\",\"dateModified\":\"2026-03-31T15:55:47+00:00\",\"breadcrumb\":{\"@id\":\"https:\\\/\\\/tiareskinbeauty.es\\\/hola\\\/#breadcrumb\"},\"inLanguage\":\"eu\",\"potentialAction\":[{\"@type\":\"ReadAction\",\"target\":[\"https:\\\/\\\/tiareskinbeauty.es\\\/hola\\\/\"]}]},{\"@type\":\"ImageObject\",\"inLanguage\":\"eu\",\"@id\":\"https:\\\/\\\/tiareskinbeauty.es\\\/hola\\\/#primaryimage\",\"url\":\"https:\\\/\\\/tiareskinbeauty.es\\\/wp-content\\\/uploads\\\/2026\\\/03\\\/1000141417.png\",\"contentUrl\":\"https:\\\/\\\/tiareskinbeauty.es\\\/wp-content\\\/uploads\\\/2026\\\/03\\\/1000141417.png\"},{\"@type\":\"BreadcrumbList\",\"@id\":\"https:\\\/\\\/tiareskinbeauty.es\\\/hola\\\/#breadcrumb\",\"itemListElement\":[{\"@type\":\"ListItem\",\"position\":1,\"name\":\"Portada\",\"item\":\"https:\\\/\\\/tiareskinbeauty.es\\\/\"},{\"@type\":\"ListItem\",\"position\":2,\"name\":\"Hola\"}]},{\"@type\":\"WebSite\",\"@id\":\"https:\\\/\\\/tiareskinbeauty.es\\\/#website\",\"url\":\"https:\\\/\\\/tiareskinbeauty.es\\\/\",\"name\":\"Tiar\u00e9 Skin Beauty\",\"description\":\"Creamos belleza que se ve y se siente.\",\"potentialAction\":[{\"@type\":\"SearchAction\",\"target\":{\"@type\":\"EntryPoint\",\"urlTemplate\":\"https:\\\/\\\/tiareskinbeauty.es\\\/?s={search_term_string}\"},\"query-input\":{\"@type\":\"PropertyValueSpecification\",\"valueRequired\":true,\"valueName\":\"search_term_string\"}}],\"inLanguage\":\"eu\"}]}<\/script>\n<!-- \/ Yoast SEO plugin. -->","yoast_head_json":{"title":"Hola - Tiar\u00e9 Skin Beauty","robots":{"index":"index","follow":"follow","max-snippet":"max-snippet:-1","max-image-preview":"max-image-preview:large","max-video-preview":"max-video-preview:-1"},"canonical":"https:\/\/tiareskinbeauty.es\/eus\/hola\/","og_locale":"en_US","og_type":"article","og_title":"Hola - Tiar\u00e9 Skin Beauty","og_description":"\u00a1Hola! Tiar\u00e8 Skin Beauty Tiar\u00e9 Skin Beauty Te ofrece Rituales de Belleza dise\u00f1ados cuidadosamente para realzar la belleza natural y el bienestar en general. Conseguir una piel en equilibrio, frenar el paso del tiempo y mejorar el aspecto de la misma de manera natural, consciente y sostenible, acompa\u00f1\u00e1ndola en cada etapa, respetando sus tiempos, con [&hellip;]","og_url":"https:\/\/tiareskinbeauty.es\/eus\/hola\/","og_site_name":"Tiar\u00e9 Skin Beauty","article_modified_time":"2026-03-31T15:55:47+00:00","og_image":[{"url":"https:\/\/tiareskinbeauty.es\/wp-content\/uploads\/2026\/03\/1000141417.png","type":"","width":"","height":""}],"twitter_card":"summary_large_image","twitter_misc":{"Est. reading time":"3 minutua"},"schema":{"@context":"https:\/\/schema.org","@graph":[{"@type":"WebPage","@id":"https:\/\/tiareskinbeauty.es\/hola\/","url":"https:\/\/tiareskinbeauty.es\/hola\/","name":"Hola - Tiar\u00e9 Skin Beauty","isPartOf":{"@id":"https:\/\/tiareskinbeauty.es\/#website"},"primaryImageOfPage":{"@id":"https:\/\/tiareskinbeauty.es\/hola\/#primaryimage"},"image":{"@id":"https:\/\/tiareskinbeauty.es\/hola\/#primaryimage"},"thumbnailUrl":"https:\/\/tiareskinbeauty.es\/wp-content\/uploads\/2026\/03\/1000141417.png","datePublished":"2024-01-18T14:36:08+00:00","dateModified":"2026-03-31T15:55:47+00:00","breadcrumb":{"@id":"https:\/\/tiareskinbeauty.es\/hola\/#breadcrumb"},"inLanguage":"eu","potentialAction":[{"@type":"ReadAction","target":["https:\/\/tiareskinbeauty.es\/hola\/"]}]},{"@type":"ImageObject","inLanguage":"eu","@id":"https:\/\/tiareskinbeauty.es\/hola\/#primaryimage","url":"https:\/\/tiareskinbeauty.es\/wp-content\/uploads\/2026\/03\/1000141417.png","contentUrl":"https:\/\/tiareskinbeauty.es\/wp-content\/uploads\/2026\/03\/1000141417.png"},{"@type":"BreadcrumbList","@id":"https:\/\/tiareskinbeauty.es\/hola\/#breadcrumb","itemListElement":[{"@type":"ListItem","position":1,"name":"Portada","item":"https:\/\/tiareskinbeauty.es\/"},{"@type":"ListItem","position":2,"name":"Hola"}]},{"@type":"WebSite","@id":"https:\/\/tiareskinbeauty.es\/#website","url":"https:\/\/tiareskinbeauty.es\/","name":"Tiar\u00e9 Skin Beauty","description":"Creamos belleza que se ve y se siente.","potentialAction":[{"@type":"SearchAction","target":{"@type":"EntryPoint","urlTemplate":"https:\/\/tiareskinbeauty.es\/?s={search_term_string}"},"query-input":{"@type":"PropertyValueSpecification","valueRequired":true,"valueName":"search_term_string"}}],"inLanguage":"eu"}]}},"_links":{"self":[{"href":"https:\/\/tiareskinbeauty.es\/eus\/wp-json\/wp\/v2\/pages\/2","targetHints":{"allow":["GET"]}}],"collection":[{"href":"https:\/\/tiareskinbeauty.es\/eus\/wp-json\/wp\/v2\/pages"}],"about":[{"href":"https:\/\/tiareskinbeauty.es\/eus\/wp-json\/wp\/v2\/types\/page"}],"author":[{"embeddable":true,"href":"https:\/\/tiareskinbeauty.es\/eus\/wp-json\/wp\/v2\/users\/1"}],"replies":[{"embeddable":true,"href":"https:\/\/tiareskinbeauty.es\/eus\/wp-json\/wp\/v2\/comments?post=2"}],"version-history":[{"count":662,"href":"https:\/\/tiareskinbeauty.es\/eus\/wp-json\/wp\/v2\/pages\/2\/revisions"}],"predecessor-version":[{"id":4133,"href":"https:\/\/tiareskinbeauty.es\/eus\/wp-json\/wp\/v2\/pages\/2\/revisions\/4133"}],"wp:attachment":[{"href":"https:\/\/tiareskinbeauty.es\/eus\/wp-json\/wp\/v2\/media?parent=2"}],"curies":[{"name":"wp","href":"https:\/\/api.w.org\/{rel}","templated":true}]}}